{"id":95,"date":"2013-01-29T22:10:00","date_gmt":"2013-01-29T19:10:00","guid":{"rendered":"http:\/\/konninkylaseura.net\/wp\/?page_id=95"},"modified":"2018-02-22T03:23:40","modified_gmt":"2018-02-22T01:23:40","slug":"linkit","status":"publish","type":"page","link":"https:\/\/konninkylaseura.net\/?page_id=95","title":{"rendered":"Linkit"},"content":{"rendered":"<p><a href=\"https:\/\/www.facebook.com\/groups\/135197683326906\/\" target=\"_blank\" rel=\"noopener\"><strong>K\u00f6nnin Kyl\u00e4seura Fasebookissa.<\/strong><\/a><\/p>\n<ul>\n<li style=\"list-style-type: none;\">\n<ul>\n<li><strong>Ymp\u00e4rist\u00f6kunnat<\/strong>\n<ul>\n<li><span style=\"font-family: Verdana,Arial,Helvetica,sans-serif;\"><a href=\"http:\/\/www.ilmajoki.fi\">Ilmajoen kunnan sivut<\/a><\/span><\/li>\n<\/ul>\n<ul>\n<li><a href=\"https:\/\/www.seinajoki.fi\" target=\"_blank\" rel=\"noopener\">Nurmo, Ylistaro, Per\u00e4sein\u00e4joki ja Sein\u00e4joki<\/a><\/li>\n<li><a href=\"http:\/\/www.kurikka.fi\" target=\"_blank\" rel=\"noopener\">Kurikka, Jalasj\u00e4rvi ja Jurva<\/a>.<\/li>\n<\/ul>\n<\/li>\n<\/ul>\n<\/li>\n<\/ul>\n<ul>\n<li style=\"list-style-type: none;\">\n<ul>\n<li><span style=\"font-family: Verdana,Arial,Helvetica,sans-serif;\"><strong>Alueen Yrityksi\u00e4, yhteisty\u00f6kumppaneita ja muuta<\/strong><\/span>\n<ul>\n<li><span style=\"font-family: Verdana,Arial,Helvetica,sans-serif;\"><a href=\"http:\/\/www.hautalaservice.com\/\">Hautala Service Oy<\/a><\/span><span style=\"font-family: Verdana,Arial,Helvetica,sans-serif;\"><span style=\"font-family: Verdana,Arial,Helvetica,sans-serif;\"><br \/>\n<\/span><\/span><\/li>\n<li><a href=\"http:\/\/www.kanagri.fi\" target=\"_blank\" rel=\"noopener\">Kanagri. Siipikarjatalouden ammattilaisille.<\/a><\/li>\n<li><a href=\"http:\/\/www.khp-myynti.fi\" target=\"_blank\" rel=\"noopener\">KHP-Myynti<\/a><\/li>\n<li><a href=\"http:\/\/levimaa.fi\" target=\"_blank\" rel=\"noopener\">Levimaa Lomam\u00f6kki Levill\u00e4<\/a><\/li>\n<li><a href=\"http:\/\/www.kylkisalonmetsastajat.fi\" target=\"_blank\" rel=\"noopener\">Kylkisalon Mets\u00e4st\u00e4j\u00e4t Ry<\/a><\/li>\n<li><a href=\"http:\/\/www.nuthillgarage.com\" target=\"_blank\" rel=\"noopener\">NuthillGarage<\/a><\/li>\n<li><a href=\"http:\/\/www.konninsuku.net\" target=\"_blank\" rel=\"noopener\">K\u00f6nninsuku<\/a><span style=\"line-height: 1.714285714; font-size: 1rem;\"><br \/>\n<\/span><\/li>\n<li><a href=\"http:\/\/www.liiveri.fi\" target=\"_blank\" rel=\"noopener\">Liiveri<\/a><\/li>\n<li><a href=\"http:\/\/www.epk.fi\" target=\"_blank\" rel=\"noopener\">Etel\u00e4pohjalaiset kyl\u00e4t<\/a><\/li>\n<li><a href=\"https:\/\/www.sjk.fi\" target=\"_blank\" rel=\"noopener\">SJK Sein\u00e4joen jalkapallokerho<\/a><\/li>\n<li><a href=\"http:\/\/www.nyqs.fi\" target=\"_blank\" rel=\"noopener\">NYQS<\/a><\/li>\n<li><a href=\"https:\/\/solarsound.fi\" target=\"_blank\" rel=\"noopener\">Solarsound<\/a><\/li>\n<li><a href=\"https:\/\/www.provinssi.fi\" target=\"_blank\" rel=\"noopener\">Provinssi<\/a><\/li>\n<\/ul>\n<\/li>\n<\/ul>\n<\/li>\n<\/ul>\n","protected":false},"excerpt":{"rendered":"<p>K\u00f6nnin Kyl\u00e4seura Fasebookissa. Ymp\u00e4rist\u00f6kunnat Ilmajoen kunnan sivut Nurmo, Ylistaro, Per\u00e4sein\u00e4joki ja Sein\u00e4joki Kurikka, Jalasj\u00e4rvi ja Jurva. Alueen Yrityksi\u00e4, yhteisty\u00f6kumppaneita ja muuta Hautala Service Oy Kanagri. Siipikarjatalouden ammattilaisille. KHP-Myynti Levimaa Lomam\u00f6kki Levill\u00e4 Kylkisalon Mets\u00e4st\u00e4j\u00e4t Ry NuthillGarage K\u00f6nninsuku Liiveri Etel\u00e4pohjalaiset kyl\u00e4t SJK Sein\u00e4joen jalkapallokerho NYQS Solarsound Provinssi<\/p>\n","protected":false},"author":989899,"featured_media":0,"parent":0,"menu_order":11,"comment_status":"open","ping_status":"closed","template":"","meta":{"ngg_post_thumbnail":0,"footnotes":""},"class_list":["post-95","page","type-page","status-publish","hentry"],"jetpack_sharing_enabled":true,"_links":{"self":[{"href":"https:\/\/konninkylaseura.net\/index.php?rest_route=\/wp\/v2\/pages\/95","targetHints":{"allow":["GET"]}}],"collection":[{"href":"https:\/\/konninkylaseura.net\/index.php?rest_route=\/wp\/v2\/pages"}],"about":[{"href":"https:\/\/konninkylaseura.net\/index.php?rest_route=\/wp\/v2\/types\/page"}],"author":[{"embeddable":true,"href":"https:\/\/konninkylaseura.net\/index.php?rest_route=\/wp\/v2\/users\/989899"}],"replies":[{"embeddable":true,"href":"https:\/\/konninkylaseura.net\/index.php?rest_route=%2Fwp%2Fv2%2Fcomments&post=95"}],"version-history":[{"count":24,"href":"https:\/\/konninkylaseura.net\/index.php?rest_route=\/wp\/v2\/pages\/95\/revisions"}],"predecessor-version":[{"id":4678,"href":"https:\/\/konninkylaseura.net\/index.php?rest_route=\/wp\/v2\/pages\/95\/revisions\/4678"}],"wp:attachment":[{"href":"https:\/\/konninkylaseura.net\/index.php?rest_route=%2Fwp%2Fv2%2Fmedia&parent=95"}],"curies":[{"name":"wp","href":"https:\/\/api.w.org\/{rel}","templated":true}]}}