{"id":89,"date":"2013-01-29T22:06:50","date_gmt":"2013-01-29T19:06:50","guid":{"rendered":"http:\/\/konninkylaseura.net\/wp\/?page_id=89"},"modified":"2015-07-07T23:57:48","modified_gmt":"2015-07-07T21:57:48","slug":"latukartta","status":"publish","type":"page","link":"https:\/\/konninkylaseura.net\/?page_id=89","title":{"rendered":"Pietaruksen uimapaikka"},"content":{"rendered":"<p><a href=\"http:\/\/konninkylaseura.net\/wp-content\/uploads\/2015\/07\/Pietarus-900x515.jpg\"><img loading=\"lazy\" decoding=\"async\" class=\"size-medium wp-image-2790 alignleft\" alt=\"Pietarus-900x515\" src=\"http:\/\/konninkylaseura.net\/wp-content\/uploads\/2015\/07\/Pietarus-900x515-300x171.jpg\" width=\"300\" height=\"171\" srcset=\"https:\/\/konninkylaseura.net\/wp-content\/uploads\/2015\/07\/Pietarus-900x515-300x171.jpg 300w, https:\/\/konninkylaseura.net\/wp-content\/uploads\/2015\/07\/Pietarus-900x515-624x357.jpg 624w, https:\/\/konninkylaseura.net\/wp-content\/uploads\/2015\/07\/Pietarus-900x515.jpg 900w\" sizes=\"auto, (max-width: 300px) 100vw, 300px\" \/><\/a><\/p>\n<p>Pietaruksen uimapaikka Vittingill\u00e4 on K\u00f6nnin kyl\u00e4seuralaisten vapaasti k\u00e4yttett\u00e4viss\u00e4 saunoineen ja nuotiopaikkoineen, tietyin yhteisesti sovituin\u00a0<strong>Pitetarus-s\u00e4\u00e4nn\u00f6in.\u00a0<\/strong>Vain n\u00e4it\u00e4 s\u00e4\u00e4nt\u00f6j\u00e4 noudattamalla voimme taata paikan viihtyvyyden ja vapaan k\u00e4yt\u00f6n!<\/p>\n<p>&nbsp;<\/p>\n<ul>\n<li>\u00c4l\u00e4 tuo lemmikkiel\u00e4imi\u00e4 alueelle.<\/li>\n<li>Sauna on k\u00e4ytett\u00e4viss\u00e4 Asemanseudun kyl\u00e4yhdistyksen, Munakan kyl\u00e4yhdistyksen ja K\u00f6nnin Kyl\u00e4seuran j\u00e4senmaksun maksaneille.<\/li>\n<li>Saunaa ei voi varata etuk\u00e4teen, ei \u00a8saunavuoroja\u00a8.<\/li>\n<li>Tuo klapit tullessasi.<\/li>\n<li>Jos lainaat \u00a8h\u00e4t\u00e4vara\u00a8puita; huolehdi viipym\u00e4tt\u00e4 tilalle uudet.<\/li>\n<li>Nuotiopaikkana toimii betonirengas, nuotion teko muualle ehdottomasti kielletty.<\/li>\n<li>muista j\u00e4tt\u00e4\u00e4 paikat siistiksi; laita roskat niille varattuun paikkaan!<\/li>\n<\/ul>\n<p>Mukavan hetken voimme teille t\u00e4\u00e4l\u00e4 taata, ilman s\u00e4\u00e4nt\u00f6j\u00e4 emme viihtyvyytt\u00e4 luvata saata!<\/p>\n<p><a href=\"http:\/\/konninkylaseura.net\/wp-content\/uploads\/2015\/07\/IMG_3404.jpg\"><img decoding=\"async\" class=\"aligncenter size-medium wp-image-2805\" alt=\"IMG_3404\" src=\"http:\/\/konninkylaseura.net\/wp-content\/uploads\/2015\/07\/IMG_3404.jpg\" \/><\/a><\/p>\n","protected":false},"excerpt":{"rendered":"<p>Pietaruksen uimapaikka Vittingill\u00e4 on K\u00f6nnin kyl\u00e4seuralaisten vapaasti k\u00e4yttett\u00e4viss\u00e4 saunoineen ja nuotiopaikkoineen, tietyin yhteisesti sovituin\u00a0Pitetarus-s\u00e4\u00e4nn\u00f6in.\u00a0Vain n\u00e4it\u00e4 s\u00e4\u00e4nt\u00f6j\u00e4 noudattamalla voimme taata paikan viihtyvyyden ja vapaan k\u00e4yt\u00f6n! &nbsp; \u00c4l\u00e4 tuo lemmikkiel\u00e4imi\u00e4 alueelle. Sauna on k\u00e4ytett\u00e4viss\u00e4 Asemanseudun kyl\u00e4yhdistyksen, Munakan kyl\u00e4yhdistyksen ja K\u00f6nnin Kyl\u00e4seuran j\u00e4senmaksun maksaneille. Saunaa ei voi varata etuk\u00e4teen, ei \u00a8saunavuoroja\u00a8. Tuo klapit tullessasi. Jos lainaat \u00a8h\u00e4t\u00e4vara\u00a8puita; huolehdi &hellip; <\/p>\n<p class=\"link-more\"><a href=\"https:\/\/konninkylaseura.net\/?page_id=89\" class=\"more-link\">Jatka lukemista<span class=\"screen-reader-text\"> &#8221;Pietaruksen uimapaikka&#8221;<\/span><\/a><\/p>\n","protected":false},"author":2,"featured_media":0,"parent":0,"menu_order":10,"comment_status":"open","ping_status":"closed","template":"","meta":{"ngg_post_thumbnail":0,"footnotes":""},"class_list":["post-89","page","type-page","status-publish","hentry"],"jetpack_sharing_enabled":true,"_links":{"self":[{"href":"https:\/\/konninkylaseura.net\/index.php?rest_route=\/wp\/v2\/pages\/89","targetHints":{"allow":["GET"]}}],"collection":[{"href":"https:\/\/konninkylaseura.net\/index.php?rest_route=\/wp\/v2\/pages"}],"about":[{"href":"https:\/\/konninkylaseura.net\/index.php?rest_route=\/wp\/v2\/types\/page"}],"author":[{"embeddable":true,"href":"https:\/\/konninkylaseura.net\/index.php?rest_route=\/wp\/v2\/users\/2"}],"replies":[{"embeddable":true,"href":"https:\/\/konninkylaseura.net\/index.php?rest_route=%2Fwp%2Fv2%2Fcomments&post=89"}],"version-history":[{"count":12,"href":"https:\/\/konninkylaseura.net\/index.php?rest_route=\/wp\/v2\/pages\/89\/revisions"}],"predecessor-version":[{"id":93,"href":"https:\/\/konninkylaseura.net\/index.php?rest_route=\/wp\/v2\/pages\/89\/revisions\/93"}],"wp:attachment":[{"href":"https:\/\/konninkylaseura.net\/index.php?rest_route=%2Fwp%2Fv2%2Fmedia&parent=89"}],"curies":[{"name":"wp","href":"https:\/\/api.w.org\/{rel}","templated":true}]}}