{"id":64,"date":"2013-01-29T21:46:57","date_gmt":"2013-01-29T18:46:57","guid":{"rendered":"http:\/\/konninkylaseura.net\/wp\/?page_id=64"},"modified":"2021-07-12T08:36:50","modified_gmt":"2021-07-12T06:36:50","slug":"esittely","status":"publish","type":"page","link":"https:\/\/konninkylaseura.net\/?page_id=64","title":{"rendered":"Esittely"},"content":{"rendered":"<p align=\"left\">&nbsp;<\/p>\n<p align=\"left\"><a href=\"http:\/\/konninkylaseura.net\/wp-content\/uploads\/2017\/03\/IMG_0281.jpg\"><img loading=\"lazy\" decoding=\"async\" class=\"aligncenter wp-image-3628 size-large\" src=\"http:\/\/konninkylaseura.net\/wp-content\/uploads\/2017\/03\/IMG_0281-1024x472.jpg\" alt=\"\" width=\"525\" height=\"242\" srcset=\"https:\/\/konninkylaseura.net\/wp-content\/uploads\/2017\/03\/IMG_0281-1024x472.jpg 1024w, https:\/\/konninkylaseura.net\/wp-content\/uploads\/2017\/03\/IMG_0281-300x138.jpg 300w, https:\/\/konninkylaseura.net\/wp-content\/uploads\/2017\/03\/IMG_0281-768x354.jpg 768w\" sizes=\"auto, (max-width: 525px) 100vw, 525px\" \/><\/a><\/p>\n<p align=\"left\">Vire\u00e4 K\u00f6nnin kyl\u00e4seura ry toimii kolmen kyl\u00e4n \u2013 K\u00f6nni-Kiikeri-Harjunm\u00e4en \u2013 alueella Ilmajoen pohjoisosassa&nbsp;Ylistaron rajalla.<\/p>\n<p align=\"left\">Kyliemme maisema vaihtelee Alajoen lakeuksista&nbsp;Oksivuoren rinteille, jonka n\u00e4k\u00f6tornista voi n\u00e4hd\u00e4&nbsp;Ylistaron kirkolle asti.<\/p>\n<p align=\"left\">Alueellamme on yhteens\u00e4 runsas 300 asukasta ja&nbsp;peltopinta-alaa n. 1500 hehtaaria.<\/p>\n<p align=\"left\"><a href=\"http:\/\/konninkylaseura.net\/kylatalo\/\">Alueemme syd\u00e4n on yhteisin ponnistuksin kyl\u00e4n&nbsp;<em id=\"__mceDel\" style=\"line-height: 1.714285714; font-size: 1rem;\"><em id=\"__mceDel\">omistukseen hankittu entinen Harjunm\u00e4en koulu,&nbsp;<\/em><\/em><em id=\"__mceDel\" style=\"line-height: 1.714285714; font-size: 1rem;\"><em id=\"__mceDel\"><em id=\"__mceDel\">joka on ristitty uudelleen K\u00f6nnin kyl\u00e4taloksi. Kyl\u00e4talo tarjoaa oivan paikan j\u00e4rjest\u00e4\u00e4 erilaisia perhejuhlia ja kokouksia.<\/em><\/em><\/em><\/a><\/p>\n<p align=\"left\">Viimeisin suurempi voimainponnistus oli k\u00f6k\u00e4ll\u00e4 rakennettu Harjunpakan Kes\u00e4kioski. Kioski tarjoaa ohikulkijoille mukavan lev\u00e4hdyspaikan ja on muodostunut kyl\u00e4l\u00e4isten toiseksi olohuoneeksi.<\/p>\n<p align=\"left\"><strong>Liityminen K\u00f6nnin kyl\u00e4seuran j\u00e4seneksi!<\/strong><\/p>\n<p>K\u00f6nnin kyl\u00e4seura ry:n j\u00e4seniksi ovat tervetulleita kaikki, jotka haluavat olla kyl\u00e4seuran toiminnassa jollain tavoin mukana tai vaikka vain tukea toimintaa. Kyl\u00e4seura j\u00e4rjest\u00e4\u00e4 kaikenlaista tekemist\u00e4 kaikille K\u00f6nnin, Harjunm\u00e4en ja Kiikerinkyl\u00e4n asukkaille sek\u00e4 muualla asuville, jo kyl\u00e4lt\u00e4 pois muuttaneille j\u00e4senilleen.&nbsp; <em>Tervetuloa j\u00e4seneksi ja mukaan joukkoon mukavaan!&nbsp;<\/em><\/p>\n<p>Kyl\u00e4seuran j\u00e4senmaksuna ker\u00e4t\u00e4\u00e4n vuosittain 10 \u20ac\/perhe. Oheisilla tiedoilla voitte maksaa j\u00e4senmaksun vuosille 2020. Kirjoittakaa maksukentt\u00e4\u00e4n selv\u00e4sti perheenj\u00e4senten nimet j\u00e4senluetteloa varten. Kiitos!<\/p>\n<p>Saaja: K\u00f6nnin kyl\u00e4seura ry<br \/>\nSaajan tlinumero: OmaSp <strong>FI83 4108 0010 8485 32<\/strong><br \/>\nviesti: j\u00e4senmaksu 2020 ja perheenj\u00e4senten nimet<br \/>\nmaksun m\u00e4\u00e4r\u00e4: 10 \u20ac<\/p>\n<p align=\"left\"><strong style=\"font-size: 1rem;\"><a href=\"http:\/\/konninkylaseura.net\/wp-content\/uploads\/2014\/06\/IMG_5589.jpg\"><img loading=\"lazy\" decoding=\"async\" class=\"aligncenter wp-image-1834 size-large\" src=\"http:\/\/konninkylaseura.net\/wp-content\/uploads\/2014\/06\/IMG_5589-1024x576.jpg\" alt=\"IMG_5589\" width=\"525\" height=\"295\" srcset=\"https:\/\/konninkylaseura.net\/wp-content\/uploads\/2014\/06\/IMG_5589-1024x576.jpg 1024w, https:\/\/konninkylaseura.net\/wp-content\/uploads\/2014\/06\/IMG_5589-300x168.jpg 300w, https:\/\/konninkylaseura.net\/wp-content\/uploads\/2014\/06\/IMG_5589-624x351.jpg 624w\" sizes=\"auto, (max-width: 525px) 100vw, 525px\" \/><\/a><\/strong><\/p>\n<p align=\"left\"><strong><a href=\"http:\/\/konninkylaseura.net\/yhteystiedot\/\">Ota yhteytt\u00e4!<\/a><\/strong><\/p>\n<p align=\"left\"><strong><a href=\"http:\/\/konninkylaseura.net\/wp-content\/uploads\/2016\/07\/IMG_1855.jpg\"><img loading=\"lazy\" decoding=\"async\" class=\"aligncenter wp-image-3285 size-large\" src=\"http:\/\/konninkylaseura.net\/wp-content\/uploads\/2016\/07\/IMG_1855-1024x768.jpg\" alt=\"IMG_1855\" width=\"525\" height=\"394\" srcset=\"https:\/\/konninkylaseura.net\/wp-content\/uploads\/2016\/07\/IMG_1855-1024x768.jpg 1024w, https:\/\/konninkylaseura.net\/wp-content\/uploads\/2016\/07\/IMG_1855-300x225.jpg 300w, https:\/\/konninkylaseura.net\/wp-content\/uploads\/2016\/07\/IMG_1855-624x468.jpg 624w\" sizes=\"auto, (max-width: 525px) 100vw, 525px\" \/><\/a><\/strong><\/p>\n<p><strong>Vaivaistenevantie<\/strong><\/p>\n<p>Vaivaistenneva tai Vaivaastenneva, paikallisessa puhekieless\u00e4 k\u00e4ytet\u00e4\u00e4n paljolti pohojalaasta nimityst\u00e4 Vaivaastenneva.<\/p>\n<p>Vaivaistennevan alkupisteen\u00e4 pidet\u00e4\u00e4n Herkoolia ja p\u00e4\u00e4ttyen Harjunpakalle. Vaivaistennevan pituus on likimain 3km, josta suoran osuus on noin 2.7km.<\/p>\n<p>Vaivaistenneva tien\u00e4 valmistui 1829. Tie ylitt\u00e4\u00e4 Vaivaistennevan joka ainakin vuoden 1763 kartoissa jo oli n\u00e4in nimetty. Mist\u00e4 itse neva sitten on saanut nimens\u00e4, ehk\u00e4 nevan vaikeakulkuisuudesta tai suurista kuolonvuosista, varmaa tietoa t\u00e4st\u00e4 ei ole. Tien tekij\u00e4t saivat palkakseen pienen m\u00e4\u00e4r\u00e4n jauhoja. vaivaistenneva korvasi valmistuttuaan saarakkalanrinnantien, joka mukitteli jokit\u00f6yr\u00e4\u00e4 kyl\u00e4n talojen lomitse, sissilaakson kautta Harjunpakalle.<\/p>\n<p>Ilmajoella on oltu aktiivisia tientekoihin jotka silminn\u00e4ht\u00e4v\u00e4sti helpottivat pit\u00e4j\u00e4n liikenneoloja. Niinp\u00e4 v1827 saivat omasta pyynn\u00f6st\u00e4\u00e4 luvan tien rakentamiseen Vaivaistennevan yli. Lupa tien rakentamiseen anottiin Kuvern\u00f6\u00f6rin kautta senaatilta. Luvan tultua pidettiin elokuussa 1827 urakkahuutokaupat. saman vuoden lokakuussa tie on pasinoitu (pohjustettu), ojitettu ja tasoitettu. Helmikuuhun 1828 menness\u00e4 tie on savettu. Kes\u00e4kuunloppuunmenness\u00e4 1829 tien on pit\u00e4nyt olla valmiiksi hiekoitettu, rummut ja sillatkin kunnossa.<\/p>\n<p>Vaivaistenneva on osa K\u00f6nnintiet\u00e4, joka taas on Ylistaron kautta vaasaan johtava vanha maantie, silloinen p\u00e4\u00e4tie l\u00e4\u00e4nin p\u00e4\u00e4kaupunkiin Vaasaan.<\/p>\n<p>Alunperin tie on ollut melko ankea ja tuulinen kuljettava ja K\u00f6nni Kiikerin maamiesseura on Vuonna 1949 tehnyt Ilmajoki-seuralle esityksen \u201dett\u00e4 he rupeaisvat toimenpiteisiin Vaivaastennevantien molemmipuolisiin koivuistutuksiin\u201d ja n\u00e4in saataisiin tuo niin tuulinen ja yksitoikkoinen tie osuus v\u00e4h\u00e4n mukavammaksi.<\/p>\n<p>Ehdotus ei kuitenkaan edennyt, niin 1951-52 koivuntaimet p\u00e4\u00e4tettiin istuttaa K\u00f6nni Kiikerin maamiesseuran toimesta k\u00f6k\u00e4ll\u00e4 nimikkopuuhengess\u00e4 menestyksell\u00e4, kartoittajat kirjasivat seuran p\u00f6yt\u00e4kirjaan istuttajat, joita nimettiin l\u00e4hes jokaiselle taimelle koko matkalle molemmin puolin alkaen harjunpakalta nevan toiseenp\u00e4\u00e4h\u00e4n Isoluhdan viljelystielle saakka, viel\u00e4 kev\u00e4\u00e4ll\u00e4 4\/5 1953 kuolleiden taimien sijaan laitettiin uudet.<\/p>\n<p>Tyrmistys olikin suuri tiell\u00e4 kulkijoilla kun er\u00e4\u00e4n\u00e4 kes\u00e4isen\u00e4 p\u00e4iv\u00e4n\u00e4 1954 E-P:n puhelinlaitoksen miehet olivat komennettu kaatamaan kaikki koivut molemmin puolin tiet\u00e4, olivathan puhelinlinjalle haitaksi. Kuitenkin kyliemme v\u00e4ki ehti v\u00e4liin ja neuvottelemalla saatiin edes tien toisen puolen koivut j\u00e4\u00e4m\u00e4\u00e4n pystyyn.<\/p>\n<p>K\u00f6nnintien perusparannuksen my\u00f6t\u00e4 1987-88 puhelinlinja kaapeloitiin maahan ja tien valmistuttua uudet koivut istutettiin tien molemmin puolin, &nbsp;noin 220 kpl. Alkuper\u00e4isess\u00e4 tie suunnitelmassa koivuja ei ollut, mutta silloinen tielaitoksen tiemestari, Matti Hirvilammi joka oli t\u00e4lt\u00e4 kyl\u00e4lt\u00e4 kotoisin, hoiti asian niin, ett\u00e4 uudet koivut istutettin Vaivaistennevan molemmille puolille. Varsinaisen istutuksen toteutti Lasse Per\u00e4l\u00e4 Sein\u00e4joelta 1988.<\/p>\n<p>Nyky\u00e4\u00e4n Vaivaistenneva koivuineen on merkitt\u00e4v\u00e4 osa paikallista kulttuurimaisemaa ja alueen asukkaille t\u00e4rke\u00e4 ja ylpeyden aihe. K\u00f6nnin Kyl\u00e4seura on viimeksi muutama vuosi sitten, karsinut koivuista kuivuneita oksia ja poistanut alaoksia n\u00e4kyvyyden parantamiseksi, onhan suoralla melkoisen monta peltoliittym\u00e4\u00e4. Parivuotta takaperin hammastenkiristely\u00e4 kyl\u00e4isiss\u00e4 aiheutti oppitekoonen tienvarsiojien niitt\u00e4j\u00e4, joka leimas niittokoneellaan suurimman osan koivuista.<\/p>\n<p><a href=\"http:\/\/konninkylaseura.net\/wp-content\/uploads\/2016\/07\/IMG_1543.jpg\"><strong>Alkuper\u00e4isten koivujen istutussuunitelma ja lahjoittajat.<\/strong><img loading=\"lazy\" decoding=\"async\" class=\"aligncenter size-large wp-image-3286\" src=\"http:\/\/konninkylaseura.net\/wp-content\/uploads\/2016\/07\/IMG_1543-670x1024.jpg\" alt=\"\" width=\"525\" height=\"802\" srcset=\"https:\/\/konninkylaseura.net\/wp-content\/uploads\/2016\/07\/IMG_1543-670x1024.jpg 670w, https:\/\/konninkylaseura.net\/wp-content\/uploads\/2016\/07\/IMG_1543-196x300.jpg 196w, https:\/\/konninkylaseura.net\/wp-content\/uploads\/2016\/07\/IMG_1543-624x953.jpg 624w\" sizes=\"auto, (max-width: 525px) 100vw, 525px\" \/><\/a><\/p>\n<p style=\"text-align: center;\" align=\"left\"><a href=\"http:\/\/konninkylaseura.net\/wp-content\/uploads\/2017\/07\/IMG_0533.jpg\"><strong>Pit\u00e4j\u00e4nkarttaa vuodelta 1765<\/strong><img loading=\"lazy\" decoding=\"async\" class=\"aligncenter size-large wp-image-4107\" src=\"http:\/\/konninkylaseura.net\/wp-content\/uploads\/2017\/07\/IMG_0533-1024x931.jpg\" alt=\"\" width=\"525\" height=\"477\" srcset=\"https:\/\/konninkylaseura.net\/wp-content\/uploads\/2017\/07\/IMG_0533-1024x931.jpg 1024w, https:\/\/konninkylaseura.net\/wp-content\/uploads\/2017\/07\/IMG_0533-300x273.jpg 300w, https:\/\/konninkylaseura.net\/wp-content\/uploads\/2017\/07\/IMG_0533-768x698.jpg 768w, https:\/\/konninkylaseura.net\/wp-content\/uploads\/2017\/07\/IMG_0533.jpg 1468w\" sizes=\"auto, (max-width: 525px) 100vw, 525px\" \/><\/a><\/p>\n","protected":false},"excerpt":{"rendered":"<p>&nbsp; Vire\u00e4 K\u00f6nnin kyl\u00e4seura ry toimii kolmen kyl\u00e4n \u2013 K\u00f6nni-Kiikeri-Harjunm\u00e4en \u2013 alueella Ilmajoen pohjoisosassa&nbsp;Ylistaron rajalla. Kyliemme maisema vaihtelee Alajoen lakeuksista&nbsp;Oksivuoren rinteille, jonka n\u00e4k\u00f6tornista voi n\u00e4hd\u00e4&nbsp;Ylistaron kirkolle asti. Alueellamme on yhteens\u00e4 runsas 300 asukasta ja&nbsp;peltopinta-alaa n. 1500 hehtaaria. Alueemme syd\u00e4n on yhteisin ponnistuksin kyl\u00e4n&nbsp;omistukseen hankittu entinen Harjunm\u00e4en koulu,&nbsp;joka on ristitty uudelleen K\u00f6nnin kyl\u00e4taloksi. Kyl\u00e4talo tarjoaa oivan &hellip; <\/p>\n<p class=\"link-more\"><a href=\"https:\/\/konninkylaseura.net\/?page_id=64\" class=\"more-link\">Jatka lukemista<span class=\"screen-reader-text\"> &#8221;Esittely&#8221;<\/span><\/a><\/p>\n","protected":false},"author":989899,"featured_media":0,"parent":0,"menu_order":0,"comment_status":"closed","ping_status":"closed","template":"","meta":{"ngg_post_thumbnail":0,"footnotes":""},"class_list":["post-64","page","type-page","status-publish","hentry"],"jetpack_sharing_enabled":true,"_links":{"self":[{"href":"https:\/\/konninkylaseura.net\/index.php?rest_route=\/wp\/v2\/pages\/64","targetHints":{"allow":["GET"]}}],"collection":[{"href":"https:\/\/konninkylaseura.net\/index.php?rest_route=\/wp\/v2\/pages"}],"about":[{"href":"https:\/\/konninkylaseura.net\/index.php?rest_route=\/wp\/v2\/types\/page"}],"author":[{"embeddable":true,"href":"https:\/\/konninkylaseura.net\/index.php?rest_route=\/wp\/v2\/users\/989899"}],"replies":[{"embeddable":true,"href":"https:\/\/konninkylaseura.net\/index.php?rest_route=%2Fwp%2Fv2%2Fcomments&post=64"}],"version-history":[{"count":26,"href":"https:\/\/konninkylaseura.net\/index.php?rest_route=\/wp\/v2\/pages\/64\/revisions"}],"predecessor-version":[{"id":5596,"href":"https:\/\/konninkylaseura.net\/index.php?rest_route=\/wp\/v2\/pages\/64\/revisions\/5596"}],"wp:attachment":[{"href":"https:\/\/konninkylaseura.net\/index.php?rest_route=%2Fwp%2Fv2%2Fmedia&parent=64"}],"curies":[{"name":"wp","href":"https:\/\/api.w.org\/{rel}","templated":true}]}}