{"id":63,"date":"2013-01-29T21:46:07","date_gmt":"2013-01-29T18:46:07","guid":{"rendered":"http:\/\/konninkylaseura.net\/wp\/?page_id=63"},"modified":"2024-04-29T22:14:02","modified_gmt":"2024-04-29T20:14:02","slug":"johtokunta","status":"publish","type":"page","link":"https:\/\/konninkylaseura.net\/?page_id=63","title":{"rendered":"Hallituksen ja Ty\u00f6ryhmien j\u00e4senet 2024 ja voimassaolevat K\u00f6nnin kyl\u00e4seura ry:n s\u00e4\u00e4nn\u00f6t!"},"content":{"rendered":"\n<p><strong><a href=\"http:\/\/konninkylaseura.net\/wp-content\/uploads\/2021\/09\/Konnin-Kylaseura-ry-saannot-19.1.2021.pdf\" target=\"_blank\" rel=\"noreferrer noopener\">Klikkaa t\u00e4st\u00e4 avataksesi kyl\u00e4seuran s\u00e4\u00e4nn\u00f6t!<\/a><\/strong><\/p>\n\n\n<p><strong>Hallitus<\/strong><\/p>\n<ul>\n<li><span style=\"line-height: 1.714285714; font-size: 1rem;\">Matti Kauhaneni, (puh.joht.)<\/span><\/li>\n<li><span style=\"line-height: 1.714285714; font-size: 1rem;\">&nbsp;Aino V\u00e4lkkil\u00e4 (varapuh.joht.)<\/span><\/li>\n<li><span style=\"font-size: 1rem;\">Aspila-Renkola (siht.)<\/span><\/li>\n<li>Tarja M\u00e4kiniemi (Rahastonhoitaja)<\/li>\n<li>Elina Ala-K\u00f6nni<\/li>\n<li><span style=\"line-height: 1.714285714; font-size: 1rem;\">Juha Iso-Tuisku<\/span><\/li>\n<li><span style=\"line-height: 1.714285714; font-size: 1rem;\">Pekka Harju<\/span><\/li>\n<li><span style=\"line-height: 1.714285714; font-size: 1rem;\">Jussi Kivist\u00f6<\/span><\/li>\n<li>Mervi Salom\u00e4ki<\/li>\n<li>Antti Valli<\/li>\n<li><span style=\"line-height: 1.714285714; font-size: 1rem;\">Ari Hiltunen (Liikuntaty\u00f6ryhm\u00e4n puh.joht.)<\/span><\/li>\n<li><span style=\"line-height: 1.714285714; font-size: 1rem;\">Antti M\u00e4ki-Latvala (Kiinteist\u00f6ty\u00f6ryhm\u00e4n puh.joht.)<\/span><\/li>\n<li><span style=\"line-height: 1.714285714; font-size: 1rem;\">Saima M\u00e4ki-Latvala (Nuorisoty\u00f6ryhm\u00e4n puh.joht.)<\/span><\/li>\n<li>Leena M\u00e4ki-Latvala (Diakoniaty\u00f6tyhm\u00e4n puh.joht)<\/li>\n<\/ul>\n<p><strong>Kiinteist\u00f6ty\u00f6ryhm\u00e4<\/strong><\/p>\n<ul>\n<li><span style=\"line-height: 1.714285714; font-size: 1rem;\">Antti M\u00e4ki-Latvala, (puh.joht.)<\/span><\/li>\n<li><span style=\"line-height: 1.714285714; font-size: 1rem;\">Anssi Saunam\u00e4ki<\/span><\/li>\n<li><span style=\"line-height: 1.714285714; font-size: 1rem;\">Tapio Kiikka<\/span><\/li>\n<li><span style=\"line-height: 1.714285714; font-size: 1rem;\">Vesa Iso-Tuisku<\/span><\/li>\n<li><span style=\"line-height: 1.714285714; font-size: 1rem;\">Juha Iso-Tuisku<\/span><\/li>\n<li><span style=\"line-height: 1.714285714; font-size: 1rem;\">Ilkka Ala-K\u00f6nni<\/span><\/li>\n<li><span style=\"line-height: 1.714285714; font-size: 1rem;\">Kristiina Iso-Tuisku&nbsp;(maaseutunaisten edustaja)<\/span><\/li>\n<\/ul>\n<p><strong>Liikuntaty\u00f6ryhm\u00e4<\/strong><\/p>\n<ul>\n<li><span style=\"line-height: 1.714285714; font-size: 1rem;\">Ari Hiltunen (puh.joht.)<\/span><\/li>\n<li><span style=\"line-height: 1.714285714; font-size: 1rem;\">Juha Iso-Tuisku<\/span><\/li>\n<li><span style=\"line-height: 1.714285714; font-size: 1rem;\">Heikki Kivist\u00f6<\/span><\/li>\n<li><span style=\"line-height: 1.714285714; font-size: 1rem;\">Jari Salom\u00e4kI<\/span><\/li>\n<li>Sonja Pitk\u00e4nen<\/li>\n<\/ul>\n<p><strong>Nuorisoty\u00f6ryhm\u00e4<\/strong><\/p>\n<ul>\n<li><span style=\"line-height: 1.714285714; font-size: 1rem;\">Saima M\u00e4ki-Latvala, (puh.joht.)<\/span><\/li>\n<li><span style=\"line-height: 1.714285714; font-size: 1rem;\">Aino V\u00e4lkkiol\u00e4<\/span><\/li>\n<li><span style=\"line-height: 1.714285714; font-size: 1rem;\">Eero V\u00e4lkkil\u00e4<\/span><\/li>\n<li>Jenni Halkosaari<\/li>\n<li>Siiri Salom\u00e4ki<\/li>\n<li>Silja Saunam\u00e4ki<\/li>\n<li>Arttu Knuuttila<\/li>\n<li>Elli Juurakko<\/li>\n<li>Juho Ala-K\u00f6nni<\/li>\n<\/ul>\n<p><strong>Kioskity\u00f6ryhm\u00e4<\/strong><\/p>\n<ul>\n<li>Mervi Salom\u00e4ki (puh.joht)<\/li>\n<li>Marjo Tammela<\/li>\n<li>Annastiina Valli<\/li>\n<li>Susanna Lammi<\/li>\n<li>Marika Lammi<\/li>\n<li>Jenni Ketel\u00e4<\/li>\n<\/ul>\n<p><strong>Diakoniaty\u00f6ryhm\u00e4<\/strong><\/p>\n<ul>\n<li>Leena M\u00e4ki-Latvala (puh.joht)<\/li>\n<li>Marketta Valli<\/li>\n<li>Tuulikki Kukkonen<\/li>\n<li>Kaija Aspila-Renkola<\/li>\n<li>Annikki Luoma<\/li>\n<li>Elvi Viita-Aho<\/li>\n<li>Anneli Kujansuu<\/li>\n<\/ul>\n<p><strong>Toiminnantarkastajat<\/strong><\/p>\n<ul>\n<li><span style=\"line-height: 1.714285714; font-size: 1rem;\">Anssi Saunam\u00e4ki<\/span><\/li>\n<li>Sonja Pitk\u00e4nen<\/li>\n<\/ul>\n<p><span style=\"font-size: 1rem; line-height: 1.714285714;\">varalla<\/span><\/p>\n<ul>\n<li>Elina M\u00e4ki-Latvala<\/li>\n<li><span style=\"line-height: 1.714285714; font-size: 1rem;\">Vesa Iso-Tuisku<\/span><\/li>\n<\/ul>","protected":false},"excerpt":{"rendered":"<p>Klikkaa t\u00e4st\u00e4 avataksesi kyl\u00e4seuran s\u00e4\u00e4nn\u00f6t! Hallitus Matti Kauhaneni, (puh.joht.) &nbsp;Aino V\u00e4lkkil\u00e4 (varapuh.joht.) Aspila-Renkola (siht.) Tarja M\u00e4kiniemi (Rahastonhoitaja) Elina Ala-K\u00f6nni Juha Iso-Tuisku Pekka Harju Jussi Kivist\u00f6 Mervi Salom\u00e4ki Antti Valli Ari Hiltunen (Liikuntaty\u00f6ryhm\u00e4n puh.joht.) Antti M\u00e4ki-Latvala (Kiinteist\u00f6ty\u00f6ryhm\u00e4n puh.joht.) Saima M\u00e4ki-Latvala (Nuorisoty\u00f6ryhm\u00e4n puh.joht.) Leena M\u00e4ki-Latvala (Diakoniaty\u00f6tyhm\u00e4n puh.joht) Kiinteist\u00f6ty\u00f6ryhm\u00e4 Antti M\u00e4ki-Latvala, (puh.joht.) Anssi Saunam\u00e4ki Tapio Kiikka Vesa Iso-Tuisku &hellip; <\/p>\n<p class=\"link-more\"><a href=\"https:\/\/konninkylaseura.net\/?page_id=63\" class=\"more-link\">Jatka lukemista<span class=\"screen-reader-text\"> &#8221;Hallituksen ja Ty\u00f6ryhmien j\u00e4senet 2024 ja voimassaolevat K\u00f6nnin kyl\u00e4seura ry:n s\u00e4\u00e4nn\u00f6t!&#8221;<\/span><\/a><\/p>\n","protected":false},"author":989899,"featured_media":0,"parent":0,"menu_order":0,"comment_status":"closed","ping_status":"closed","template":"","meta":{"ngg_post_thumbnail":0,"footnotes":""},"class_list":["post-63","page","type-page","status-publish","hentry"],"jetpack_sharing_enabled":true,"_links":{"self":[{"href":"https:\/\/konninkylaseura.net\/index.php?rest_route=\/wp\/v2\/pages\/63","targetHints":{"allow":["GET"]}}],"collection":[{"href":"https:\/\/konninkylaseura.net\/index.php?rest_route=\/wp\/v2\/pages"}],"about":[{"href":"https:\/\/konninkylaseura.net\/index.php?rest_route=\/wp\/v2\/types\/page"}],"author":[{"embeddable":true,"href":"https:\/\/konninkylaseura.net\/index.php?rest_route=\/wp\/v2\/users\/989899"}],"replies":[{"embeddable":true,"href":"https:\/\/konninkylaseura.net\/index.php?rest_route=%2Fwp%2Fv2%2Fcomments&post=63"}],"version-history":[{"count":51,"href":"https:\/\/konninkylaseura.net\/index.php?rest_route=\/wp\/v2\/pages\/63\/revisions"}],"predecessor-version":[{"id":6137,"href":"https:\/\/konninkylaseura.net\/index.php?rest_route=\/wp\/v2\/pages\/63\/revisions\/6137"}],"wp:attachment":[{"href":"https:\/\/konninkylaseura.net\/index.php?rest_route=%2Fwp%2Fv2%2Fmedia&parent=63"}],"curies":[{"name":"wp","href":"https:\/\/api.w.org\/{rel}","templated":true}]}}