{"id":614,"date":"2013-04-14T09:22:02","date_gmt":"2013-04-14T07:22:02","guid":{"rendered":"http:\/\/konninkylaseura.net\/?page_id=614"},"modified":"2025-07-18T22:03:50","modified_gmt":"2025-07-18T20:03:50","slug":"hirrenveisto","status":"publish","type":"page","link":"https:\/\/konninkylaseura.net\/?page_id=614","title":{"rendered":"Kes\u00e4kioski ja MiniGolf"},"content":{"rendered":"<div class=\"wp-block-image\">\n<figure class=\"aligncenter size-large is-resized\"><a href=\"http:\/\/konninkylaseura.net\/wp-content\/uploads\/2021\/06\/IMG_4190-scaled.jpeg\"><img loading=\"lazy\" decoding=\"async\" width=\"1024\" height=\"768\" src=\"http:\/\/konninkylaseura.net\/wp-content\/uploads\/2021\/06\/IMG_4190-1024x768.jpeg\" alt=\"\" class=\"wp-image-5578\" style=\"width:677px;height:507px\" srcset=\"https:\/\/konninkylaseura.net\/wp-content\/uploads\/2021\/06\/IMG_4190-1024x768.jpeg 1024w, https:\/\/konninkylaseura.net\/wp-content\/uploads\/2021\/06\/IMG_4190-300x225.jpeg 300w, https:\/\/konninkylaseura.net\/wp-content\/uploads\/2021\/06\/IMG_4190-768x576.jpeg 768w, https:\/\/konninkylaseura.net\/wp-content\/uploads\/2021\/06\/IMG_4190-1536x1152.jpeg 1536w, https:\/\/konninkylaseura.net\/wp-content\/uploads\/2021\/06\/IMG_4190-2048x1536.jpeg 2048w\" sizes=\"auto, (max-width: 767px) 89vw, (max-width: 1000px) 54vw, (max-width: 1071px) 543px, 580px\" \/><\/a><\/figure>\n<\/div>\n\n<p>&nbsp;<\/p>\n<p style=\"text-align: center;\"><a href=\"https:\/\/www.google.fi\/maps\/place\/Harjunm\u00e4en+kes\u00e4kioski+(K\u00f6nnin+Kyl\u00e4seura+ry)\/@62.7859267,22.5879934,1515m\/data=!3m1!1e3!4m12!1m6!3m5!1s0x0:0xe5eb381c9cfcf69d!2zS8O2bm5pbiBLeWzDpHNldXJhIFJ5!8m2!3d62.7959343!4d22.5723177!3m4!1s0x0:0x65d09a09e3704cdc!8m2!3d62.785219!4d22.5935474\" target=\"_blank\" rel=\"noopener noreferrer\"><strong>Harjunm\u00e4en kes\u00e4kioski&nbsp; K\u00f6nnintie 613<\/strong><\/a><\/p>\n<p style=\"text-align: center;\"><em>\u2600\ufe0f<strong>Kioski ja MiniGolf auki Ma-Su klo 13-21<\/strong>\u2600\ufe0f<\/em><\/p>\n<p style=\"text-align: center;\"><strong>Hinnasto<\/strong><\/p>\n<ul>\n<li><span style=\"font-size: 1rem; line-height: 1.714285714; text-align: center;\">Kahvi 2.00\u20ac Santsikuppi 1,00\u20ac<\/span><\/li>\n<li>Takeaway-kahvi 2,00\u20ac<\/li>\n<li><span style=\"font-size: 1rem; line-height: 1.714285714; text-align: center;\">Tee 1.00\u20ac<\/span><\/li>\n<li><span style=\"font-size: 1rem; line-height: 1.714285714; text-align: center;\">Pillimehu 1.00\u20ac<\/span><\/li>\n<li>Pulla tai muu makea leivonnainen 2,00\u20ac<\/li>\n<li>Pikkupizza tai pizzapala 3,00\u20ac<\/li>\n<li><span style=\"font-size: 1rem; line-height: 1.714285714; text-align: center;\">Limsa ja pullovesi 1;50\u20ac<\/span><\/li>\n<li>Vishy 1,00\u20ac<\/li>\n<li>J\u00e4\u00e4tel\u00f6tuutit 2.00\u20ac<\/li>\n<li>J\u00e4\u00e4tel\u00f6puikot 1,50\u20ac<\/li>\n<li>Classic puikko 3,00\u20ac<\/li>\n<li>Mehuj\u00e4\u00e4 1,50\u20ac<\/li>\n<li>Puffet 2,50\u20ac<\/li>\n<li>Shipsit 2,50\u20ac<\/li>\n<li>Irtokarkit 2,00\u20ac<\/li>\n<li>Hattara 2,50\u20ac<\/li>\n<li>Suklaat 1,50\u20ac<\/li>\n<li>Karkkirasiat 1,50\u20ac<\/li>\n<li>Tikkarit oukki doukki, frutman 0,20\u20ac<\/li>\n<\/ul>\n<p style=\"text-align: center;\"><strong>MiniGolf kierros 3\u20ac<\/strong><\/p>\n<p>Leivonnaisemme ovat leiponeet kyl\u00e4n nuoret sek\u00e4<\/p>\n<p>Nonparellin leipomo Koskenkorvalta.<\/p>\n<p>Tuotteemme ovat laktoosittomia.<\/p>\n<p>Kysy myyj\u00e4lt\u00e4 light-limasaa ja gluteenittomia tuotteita<\/p>\n<p>Meilt\u00e4 my\u00f6s kioskilahjakortit<\/p>\n<p>Voimmemy\u00f6s &nbsp;vastaanottaa l\u00e4himaksuja tai PIN-koodilla vahvistettavia sirukorttimaksuja kaikilla yleisimmill\u00e4 pankki-&nbsp;ja luottokorteilla (mm. Visa, Mastercard ja American Express) sek\u00e4 l\u00e4himaksuja Samsung&nbsp;Pay-, Apple&nbsp;Pay-&nbsp;ja Google&nbsp;Pay \u2011sovelluksilla.<\/p>\n<p>Kioski on auki kes\u00e4n ajan aina koulujen alkamiseen saakka. Kioskin valikoimiin kuuluu kahvia, pullaa, pikkusuolaista, virvokkeita , j\u00e4\u00e4tel\u00f6\u00e4 ja makeisia. Kioski toimii yleishy\u00f6dyllisen periaatteen mukaisesti voittoa tavoittelemattomasti ja tarjoten kyl\u00e4n nuorille kes\u00e4ty\u00f6t\u00e4. Harjunm\u00e4en&nbsp;kes\u00e4kioski valmistui kev\u00e4\u00e4ll\u00e4 2013. Kioski tehtiin k\u00f6k\u00e4ll\u00e4 kyl\u00e4n miesten ja naisten yhteis voimin, kioskin hirret on kyl\u00e4l\u00e4isten metsist\u00e4 ja ne saatiin lahjoituksina. Kioskin takapihalle valmistui kes\u00e4ll\u00e4 2021 9 reik\u00e4inen miniGolf rata.<\/p>\n<p><a href=\"http:\/\/konninkylaseura.net\/wp-content\/uploads\/2020\/06\/B583AC48-4747-429B-9A1B-9CB7451D6F61.jpeg\"><img loading=\"lazy\" decoding=\"async\" class=\"size-medium wp-image-5268 aligncenter\" src=\"http:\/\/konninkylaseura.net\/wp-content\/uploads\/2020\/06\/B583AC48-4747-429B-9A1B-9CB7451D6F61-246x300.jpeg\" alt=\"\" width=\"246\" height=\"300\" srcset=\"https:\/\/konninkylaseura.net\/wp-content\/uploads\/2020\/06\/B583AC48-4747-429B-9A1B-9CB7451D6F61-246x300.jpeg 246w, https:\/\/konninkylaseura.net\/wp-content\/uploads\/2020\/06\/B583AC48-4747-429B-9A1B-9CB7451D6F61-840x1024.jpeg 840w, https:\/\/konninkylaseura.net\/wp-content\/uploads\/2020\/06\/B583AC48-4747-429B-9A1B-9CB7451D6F61-768x936.jpeg 768w, https:\/\/konninkylaseura.net\/wp-content\/uploads\/2020\/06\/B583AC48-4747-429B-9A1B-9CB7451D6F61.jpeg 1117w\" sizes=\"auto, (max-width: 246px) 100vw, 246px\" \/><\/a><\/p>\n\n\n<figure class=\"wp-block-image size-large is-resized\"><a href=\"http:\/\/konninkylaseura.net\/wp-content\/uploads\/2021\/06\/IMG_4349.jpeg\"><img loading=\"lazy\" decoding=\"async\" width=\"742\" height=\"1024\" src=\"http:\/\/konninkylaseura.net\/wp-content\/uploads\/2021\/06\/IMG_4349-742x1024.jpeg\" alt=\"\" class=\"wp-image-5574\" style=\"width:742px;height:1024px\" srcset=\"https:\/\/konninkylaseura.net\/wp-content\/uploads\/2021\/06\/IMG_4349-742x1024.jpeg 742w, https:\/\/konninkylaseura.net\/wp-content\/uploads\/2021\/06\/IMG_4349-217x300.jpeg 217w, https:\/\/konninkylaseura.net\/wp-content\/uploads\/2021\/06\/IMG_4349-768x1060.jpeg 768w, https:\/\/konninkylaseura.net\/wp-content\/uploads\/2021\/06\/IMG_4349-1112x1536.jpeg 1112w, https:\/\/konninkylaseura.net\/wp-content\/uploads\/2021\/06\/IMG_4349.jpeg 1284w\" sizes=\"auto, (max-width: 706px) 89vw, (max-width: 767px) 82vw, 740px\" \/><\/a><\/figure>\n","protected":false},"excerpt":{"rendered":"<p>&nbsp; Harjunm\u00e4en kes\u00e4kioski&nbsp; K\u00f6nnintie 613 \u2600\ufe0fKioski ja MiniGolf auki Ma-Su klo 13-21\u2600\ufe0f Hinnasto Kahvi 2.00\u20ac Santsikuppi 1,00\u20ac Takeaway-kahvi 2,00\u20ac Tee 1.00\u20ac Pillimehu 1.00\u20ac Pulla tai muu makea leivonnainen 2,00\u20ac Pikkupizza tai pizzapala 3,00\u20ac Limsa ja pullovesi 1;50\u20ac Vishy 1,00\u20ac J\u00e4\u00e4tel\u00f6tuutit 2.00\u20ac J\u00e4\u00e4tel\u00f6puikot 1,50\u20ac Classic puikko 3,00\u20ac Mehuj\u00e4\u00e4 1,50\u20ac Puffet 2,50\u20ac Shipsit 2,50\u20ac Irtokarkit 2,00\u20ac Hattara &hellip; <\/p>\n<p class=\"link-more\"><a href=\"https:\/\/konninkylaseura.net\/?page_id=614\" class=\"more-link\">Jatka lukemista<span class=\"screen-reader-text\"> &#8221;Kes\u00e4kioski ja MiniGolf&#8221;<\/span><\/a><\/p>\n","protected":false},"author":989899,"featured_media":0,"parent":0,"menu_order":0,"comment_status":"open","ping_status":"closed","template":"","meta":{"ngg_post_thumbnail":0,"footnotes":""},"class_list":["post-614","page","type-page","status-publish","hentry"],"jetpack_sharing_enabled":true,"_links":{"self":[{"href":"https:\/\/konninkylaseura.net\/index.php?rest_route=\/wp\/v2\/pages\/614","targetHints":{"allow":["GET"]}}],"collection":[{"href":"https:\/\/konninkylaseura.net\/index.php?rest_route=\/wp\/v2\/pages"}],"about":[{"href":"https:\/\/konninkylaseura.net\/index.php?rest_route=\/wp\/v2\/types\/page"}],"author":[{"embeddable":true,"href":"https:\/\/konninkylaseura.net\/index.php?rest_route=\/wp\/v2\/users\/989899"}],"replies":[{"embeddable":true,"href":"https:\/\/konninkylaseura.net\/index.php?rest_route=%2Fwp%2Fv2%2Fcomments&post=614"}],"version-history":[{"count":62,"href":"https:\/\/konninkylaseura.net\/index.php?rest_route=\/wp\/v2\/pages\/614\/revisions"}],"predecessor-version":[{"id":6287,"href":"https:\/\/konninkylaseura.net\/index.php?rest_route=\/wp\/v2\/pages\/614\/revisions\/6287"}],"wp:attachment":[{"href":"https:\/\/konninkylaseura.net\/index.php?rest_route=%2Fwp%2Fv2%2Fmedia&parent=614"}],"curies":[{"name":"wp","href":"https:\/\/api.w.org\/{rel}","templated":true}]}}