{"id":5283,"date":"2020-06-14T09:21:49","date_gmt":"2020-06-14T07:21:49","guid":{"rendered":"http:\/\/konninkylaseura.net\/?page_id=5283"},"modified":"2024-04-29T22:21:55","modified_gmt":"2024-04-29T20:21:55","slug":"jaseneksi","status":"publish","type":"page","link":"https:\/\/konninkylaseura.net\/?page_id=5283","title":{"rendered":"J\u00c4SENEKSI!"},"content":{"rendered":"\n<p><strong>Liityminen K\u00f6nnin kyl\u00e4seuran j\u00e4seneksi!<\/strong><\/p>\n\n\n\n<p>K\u00f6nnin kyl\u00e4seura ry:n j\u00e4seniksi ovat tervetulleita kaikki, jotka haluavat olla kyl\u00e4seuran toiminnassa jollain tavoin mukana tai vaikka vain tukea toimintaa. Kyl\u00e4seura j\u00e4rjest\u00e4\u00e4 kaikenlaista tekemist\u00e4 kaikille K\u00f6nnin, Harjunm\u00e4en ja Kiikerinkyl\u00e4n asukkaille sek\u00e4 muualla asuville, jo kyl\u00e4lt\u00e4 pois muuttaneille j\u00e4senilleen.&nbsp; <em>Tervetuloa j\u00e4seneksi ja mukaan joukkoon mukavaan!&nbsp;<\/em><\/p>\n\n\n\n<p>Kyl\u00e4seuran j\u00e4senmaksuna ker\u00e4t\u00e4\u00e4n vuosittain 10 \u20ac\/perhe. Oheisilla tiedoilla voitte maksaa j\u00e4senmaksun vuosille 2024. Kirjoittakaa maksukentt\u00e4\u00e4n selv\u00e4sti perheenj\u00e4senten nimet j\u00e4senluetteloa varten. Kiitos!<\/p>\n\n\n\n<p>Saaja: K\u00f6nnin kyl\u00e4seura ry<br>Saajan tlinumero: OmaSp <strong>FI83 4108 0010 8485 32<\/strong><br>viesti: j\u00e4senmaksu 2024 ja perheenj\u00e4senten nimet<br>maksun m\u00e4\u00e4r\u00e4: 10 \u20ac Kannatusj\u00e4senmaksu 20 \u20ac Yhteis\u00f6j\u00e4senmaksu 30 \u20ac<\/p>\n\n\n\n<p><strong><a href=\"http:\/\/konninkylaseura.net\/wp-content\/uploads\/2024\/04\/Jasenmaksulomake-2024.pdf\">Klikkaa t\u00e4st\u00e4 ladataksesi 2024 j\u00e4senmaksulomake<\/a><\/strong><\/p>\n","protected":false},"excerpt":{"rendered":"<p>Liityminen K\u00f6nnin kyl\u00e4seuran j\u00e4seneksi! K\u00f6nnin kyl\u00e4seura ry:n j\u00e4seniksi ovat tervetulleita kaikki, jotka haluavat olla kyl\u00e4seuran toiminnassa jollain tavoin mukana tai vaikka vain tukea toimintaa. Kyl\u00e4seura j\u00e4rjest\u00e4\u00e4 kaikenlaista tekemist\u00e4 kaikille K\u00f6nnin, Harjunm\u00e4en ja Kiikerinkyl\u00e4n asukkaille sek\u00e4 muualla asuville, jo kyl\u00e4lt\u00e4 pois muuttaneille j\u00e4senilleen.&nbsp; Tervetuloa j\u00e4seneksi ja mukaan joukkoon mukavaan!&nbsp; Kyl\u00e4seuran j\u00e4senmaksuna ker\u00e4t\u00e4\u00e4n vuosittain 10 \u20ac\/perhe. Oheisilla &hellip; <\/p>\n<p class=\"link-more\"><a href=\"https:\/\/konninkylaseura.net\/?page_id=5283\" class=\"more-link\">Jatka lukemista<span class=\"screen-reader-text\"> &#8221;J\u00c4SENEKSI!&#8221;<\/span><\/a><\/p>\n","protected":false},"author":989899,"featured_media":0,"parent":0,"menu_order":0,"comment_status":"closed","ping_status":"closed","template":"","meta":{"ngg_post_thumbnail":0,"footnotes":""},"class_list":["post-5283","page","type-page","status-publish","hentry"],"jetpack_sharing_enabled":true,"_links":{"self":[{"href":"https:\/\/konninkylaseura.net\/index.php?rest_route=\/wp\/v2\/pages\/5283","targetHints":{"allow":["GET"]}}],"collection":[{"href":"https:\/\/konninkylaseura.net\/index.php?rest_route=\/wp\/v2\/pages"}],"about":[{"href":"https:\/\/konninkylaseura.net\/index.php?rest_route=\/wp\/v2\/types\/page"}],"author":[{"embeddable":true,"href":"https:\/\/konninkylaseura.net\/index.php?rest_route=\/wp\/v2\/users\/989899"}],"replies":[{"embeddable":true,"href":"https:\/\/konninkylaseura.net\/index.php?rest_route=%2Fwp%2Fv2%2Fcomments&post=5283"}],"version-history":[{"count":5,"href":"https:\/\/konninkylaseura.net\/index.php?rest_route=\/wp\/v2\/pages\/5283\/revisions"}],"predecessor-version":[{"id":6142,"href":"https:\/\/konninkylaseura.net\/index.php?rest_route=\/wp\/v2\/pages\/5283\/revisions\/6142"}],"wp:attachment":[{"href":"https:\/\/konninkylaseura.net\/index.php?rest_route=%2Fwp%2Fv2%2Fmedia&parent=5283"}],"curies":[{"name":"wp","href":"https:\/\/api.w.org\/{rel}","templated":true}]}}