{"id":3669,"date":"2017-03-25T18:00:22","date_gmt":"2017-03-25T16:00:22","guid":{"rendered":"http:\/\/konninkylaseura.net\/?page_id=3669"},"modified":"2023-05-17T09:26:46","modified_gmt":"2023-05-17T07:26:46","slug":"maamiesseuran-esittely","status":"publish","type":"page","link":"https:\/\/konninkylaseura.net\/?page_id=3669","title":{"rendered":"K\u00f6nnin Maamiesseura Ry"},"content":{"rendered":"<p><strong><a href=\"http:\/\/konninkylaseura.net\/wp-content\/uploads\/2017\/03\/IMG_2981.jpg\"><img loading=\"lazy\" decoding=\"async\" class=\"aligncenter size-large wp-image-3672\" src=\"http:\/\/konninkylaseura.net\/wp-content\/uploads\/2017\/03\/IMG_2981-1024x768.jpg\" alt=\"\" width=\"525\" height=\"394\" srcset=\"https:\/\/konninkylaseura.net\/wp-content\/uploads\/2017\/03\/IMG_2981-1024x768.jpg 1024w, https:\/\/konninkylaseura.net\/wp-content\/uploads\/2017\/03\/IMG_2981-300x225.jpg 300w, https:\/\/konninkylaseura.net\/wp-content\/uploads\/2017\/03\/IMG_2981-768x576.jpg 768w\" sizes=\"auto, (max-width: 525px) 100vw, 525px\" \/><\/a><\/strong><\/p>\n<p><strong>Harjunm\u00e4en-Kiikerin Maamieseura maaseudun asialla jo vuodesta 1916. Vuonna 2023 nimeksi vaihdettiin K\u00f6nnin Maamiesseura Ry<\/strong><\/p>\n<p>Johtokunta 2023<\/p>\n<ul>\n<li>Rahaston hoitaja Tuomo Halkosaari<\/li>\n<li>Puheenjohtaja Vesa Iso-Tuisku<\/li>\n<li>Sihteeri Jussi Haapala<\/li>\n<li>Mikko M\u00e4ki-Latvala<\/li>\n<li>Naisosaston edustaja Tuulikki Kukkonen<\/li>\n<li>Pasi Ketel\u00e4<\/li>\n<li>Jaakko Kukkonen<\/li>\n<li>Tommi M\u00e4ki-V\u00e4lkkil\u00e4<\/li>\n<li>Jari Salom\u00e4ki<\/li>\n<li>Pekka Harju<\/li>\n<\/ul>\n<p>Harjunm\u00e4en-Kiikerin maamiesseura 100 vuotias vuonna 2016<\/p>\n<p>Maamiesseuramme aloitti juuri 106. toimintavuotensa, ja se aloitettiinkin historiallisella tavalla:<\/p>\n<p>Maamiesseuran nimi vaihdettiin. Entinen Harjunm\u00e4en-Kiikerin Maamiesseura oli nimen\u00e4 joidenkin mielest\u00e4 hieman sekava. Yhdistyksemme s\u00e4\u00e4nn\u00f6t p\u00e4ivitettiin, joten samalla muutimme nimen yhdenmukaiseksi kyl\u00e4ll\u00e4mme vaikuttavan K\u00f6nnin Kyl\u00e4seuran kanssa.<\/p>\n<p>Uusi nimemme &#8211; K\u00f6nnin Maamiesseura &#8211; on helpompi muistaa, ja kunnioittaa samalla sit\u00e4 huikeaa historiaa, josta K\u00f6nnin kyl\u00e4ll\u00e4mme saamme nauttia.<\/p>\n<p><strong>Joka ei vanhaa tunne, ei uuttakaan ymm\u00e4rr\u00e4<\/strong>.<\/p>\n<p>Maamiesseuraamme on yll\u00e4pit\u00e4nyt jo nelj\u00e4 sukupolvea; ehk\u00e4 toiminnan luonne on ajansaatossa jonkin verran muuttunut, mutta alkuper\u00e4inen henki yhdess\u00e4 toimimiseen on edelleenkin eritt\u00e4in selke\u00e4n\u00e4 ohjenuorana n\u00e4ht\u00e4viss\u00e4 toiminnassa.Etenkin neuvontaj\u00e4rjest\u00f6n ty\u00f6panos on toiminnan organisoinnissa hyvin merkitt\u00e4v\u00e4, jopa ratkaisevakin, vaikka juttumme ei erityisemmin huomioikaan maaseutuneuvontaa eik\u00e4 sen toteut-tajina meit\u00e4 l\u00e4hinn\u00e4 olevia henkil\u00f6it\u00e4, neuvojia, piiriagrologeja, karjantarkkailijoita ja muita eritoimien erityisasiantuntijoita, joiksi heit\u00e4 nykyisin kutsutaan. Maataloustuotannon tuloksellisuus on moninkertaistunut t\u00e4n\u00e4 aikana luoden vakautta toimiimme. Toki olemme saaneet kokea suuriakin takaiskuja hallan, tulvien ja muiden kasvulle hankalien olosuhteiden muodossa \u2013 n\u00e4it\u00e4 kokenut ei hentoisi t\u00e4ll\u00e4ist\u00e4 uudelleen kokea. Mutta Luojahan kaiken sallii viisaudessaan meit\u00e4 kouluttaakseen arvostamaan el\u00e4m\u00e4n arvoja.Maamiesseuramme on aikaansaanut merkitt\u00e4vi\u00e4 toimia my\u00f6s yhteisen viihtyvyyden vaali-misessa: ensiksi oma toimintatalo, sitten nuorisoseuran perustaminen, karjantarkkailun vaaliminen, maaseutunaisten osaston perustaminen sek\u00e4 viimeksi n. 30 vuotta sitten my\u00f6s K\u00f6nnin kyl\u00e4seuran perustaminen, joka sattuikin sopivaan jaksoon, kun lakkautettu kyl\u00e4koulu saatiin hankittua keskei-seksi tapahtumapisteeksi tuottamaan kyliemme hyvinvointia.Jo Maamiesseuran perustavassa kokouksessa oli em\u00e4nn\u00e4t mukana, joten ei pid\u00e4 heid\u00e4nk\u00e4\u00e4n panostaan unohtaa, heid\u00e4n ollessa nykyisinkin mukana kaikissa toimissa maatilalla. Toivokaamme Maamiesseuramme hyvin selviytyv\u00e4n uusien haasteiden edess\u00e4, kuten n\u00e4m\u00e4 ensimm\u00e4isetkin sata vuotta \u2013 yhdess\u00e4 on vahvuutta uskoa huomiseen!<\/p>\n<p>Salomo Halkosaari<\/p>\n","protected":false},"excerpt":{"rendered":"<p>Harjunm\u00e4en-Kiikerin Maamieseura maaseudun asialla jo vuodesta 1916. Vuonna 2023 nimeksi vaihdettiin K\u00f6nnin Maamiesseura Ry Johtokunta 2023 Rahaston hoitaja Tuomo Halkosaari Puheenjohtaja Vesa Iso-Tuisku Sihteeri Jussi Haapala Mikko M\u00e4ki-Latvala Naisosaston edustaja Tuulikki Kukkonen Pasi Ketel\u00e4 Jaakko Kukkonen Tommi M\u00e4ki-V\u00e4lkkil\u00e4 Jari Salom\u00e4ki Pekka Harju Harjunm\u00e4en-Kiikerin maamiesseura 100 vuotias vuonna 2016 Maamiesseuramme aloitti juuri 106. toimintavuotensa, ja se &hellip; <\/p>\n<p class=\"link-more\"><a href=\"https:\/\/konninkylaseura.net\/?page_id=3669\" class=\"more-link\">Jatka lukemista<span class=\"screen-reader-text\"> &#8221;K\u00f6nnin Maamiesseura Ry&#8221;<\/span><\/a><\/p>\n","protected":false},"author":12,"featured_media":0,"parent":0,"menu_order":0,"comment_status":"closed","ping_status":"closed","template":"","meta":{"ngg_post_thumbnail":0,"footnotes":""},"class_list":["post-3669","page","type-page","status-publish","hentry"],"jetpack_sharing_enabled":true,"_links":{"self":[{"href":"https:\/\/konninkylaseura.net\/index.php?rest_route=\/wp\/v2\/pages\/3669","targetHints":{"allow":["GET"]}}],"collection":[{"href":"https:\/\/konninkylaseura.net\/index.php?rest_route=\/wp\/v2\/pages"}],"about":[{"href":"https:\/\/konninkylaseura.net\/index.php?rest_route=\/wp\/v2\/types\/page"}],"author":[{"embeddable":true,"href":"https:\/\/konninkylaseura.net\/index.php?rest_route=\/wp\/v2\/users\/12"}],"replies":[{"embeddable":true,"href":"https:\/\/konninkylaseura.net\/index.php?rest_route=%2Fwp%2Fv2%2Fcomments&post=3669"}],"version-history":[{"count":12,"href":"https:\/\/konninkylaseura.net\/index.php?rest_route=\/wp\/v2\/pages\/3669\/revisions"}],"predecessor-version":[{"id":5956,"href":"https:\/\/konninkylaseura.net\/index.php?rest_route=\/wp\/v2\/pages\/3669\/revisions\/5956"}],"wp:attachment":[{"href":"https:\/\/konninkylaseura.net\/index.php?rest_route=%2Fwp%2Fv2%2Fmedia&parent=3669"}],"curies":[{"name":"wp","href":"https:\/\/api.w.org\/{rel}","templated":true}]}}